{"id":32431,"date":"2024-12-23T13:12:16","date_gmt":"2024-12-23T13:12:16","guid":{"rendered":"https:\/\/itbid.com\/declaracion-de-accesibilidad\/"},"modified":"2024-12-23T13:12:16","modified_gmt":"2024-12-23T13:12:16","slug":"declaracion-de-accesibilidad","status":"publish","type":"page","link":"https:\/\/staging.itbid.com\/en\/declaracion-de-accesibilidad\/","title":{"rendered":"Declaraci\u00f3n de accesibilidad"},"content":{"rendered":"<h2>Declaraci\u00f3n de accesibilidad<span style=\"font-weight: 400;\"> <\/span><\/h2>\n<p>Itbid Technologies 2002 S.L. se ha comprometido a hacer accesible su sitio web, de conformidad con la legislaci\u00f3n nacional por la que se traspone la Directiva (UE) 2016\/2102 del Parlamento Europeo y del Consejo, el el Real Decreto 1112\/201. La presente declaraci\u00f3n de accesibilidad se aplica al presente sitio web, http:\/\/staging.itbid.com.<\/p>\n<h4>Situaci\u00f3n de cumplimiento<\/h4>\n<p>Este sitio web es plenamente conforme con el Real Decreto 1112\/201 alcanzando el nivel AA previsto por la normativa.<\/p>\n<h4>Contenido no accesible<\/h4>\n<p>El sitio web cumple todos los requisitos de la norma UNE-EN 301549:2019 de WCAG 2.1. , sin excepci\u00f3n alguna. <\/p>\n<h4>Preparaci\u00f3n de la presente declaraci\u00f3n de accesibilidad<\/h4>\n<p>La presente declaraci\u00f3n fue preparada el 01 de diciembre de 2024. El m\u00e9todo empleado para preparar la declaraci\u00f3n ha sido una autoevaluaci\u00f3n llevada a cabo por el propio organismo. \u00daltima revisi\u00f3n de la declaraci\u00f3n: 10 de diciembre de 2024.<\/p>\n<h4>Observaciones y datos de contacto<\/h4>\n<p>Puede realizar comunicaciones sobre requisitos de accesibilidad (art\u00edculo 10.2.a) del Real Decreto 1112\/2018, de 7 de septiembre) como, por ejemplo:<\/p>\n<ul>\n<li>Informar sobre cualquier posible incumplimiento por parte de este sitio web.<\/li>\n<li>Transmitir otras dificultades de acceso al contenido.<\/li>\n<li>Formular cualquier otra consulta o sugerencia de mejora relativa a la accesibilidad del sitio web.<\/li>\n<\/ul>\n<p>A trav\u00e9s de las siguientes v\u00edas:<\/p>\n<ul>\n<li>Correo electr\u00f3nico: <a href=\"mailto:marketingcorporativo@itbid.com\">marketingcorporativo@itbid.com<\/a><\/li>\n<li>Tel\u00e9fono: (+34) 933 218 614<\/li>\n<\/ul>\n<p>Las comunicaciones ser\u00e1n recibidas y tratadas por la Subdirecci\u00f3n General de Servicios Web, Transparencia y Protecci\u00f3n de Datos (Secretar\u00eda General T\u00e9cnica), como unidad responsable de los contenidos de este sitio web. Tambi\u00e9n puede solicitar en formato accesible informaci\u00f3n que no cumpla con los requisitos de accesibilidad, bien por estar excluida, bien por estar exenta por carga desproporcionada; o formular una queja por incumplimiento de los requisitos de accesibilidad.<\/p>\n","protected":false},"excerpt":{"rendered":"<p>Declaraci\u00f3n de accesibilidad Itbid Technologies 2002 S.L. se ha comprometido [&hellip;]<\/p>\n","protected":false},"author":1,"featured_media":0,"parent":0,"menu_order":0,"comment_status":"closed","ping_status":"closed","template":"","meta":{"_acf_changed":false,"content-type":"","inline_featured_image":false,"footnotes":""},"class_list":["post-32431","page","type-page","status-publish","hentry"],"acf":[],"_links":{"self":[{"href":"https:\/\/staging.itbid.com\/en\/wp-json\/wp\/v2\/pages\/32431","targetHints":{"allow":["GET"]}}],"collection":[{"href":"https:\/\/staging.itbid.com\/en\/wp-json\/wp\/v2\/pages"}],"about":[{"href":"https:\/\/staging.itbid.com\/en\/wp-json\/wp\/v2\/types\/page"}],"author":[{"embeddable":true,"href":"https:\/\/staging.itbid.com\/en\/wp-json\/wp\/v2\/users\/1"}],"replies":[{"embeddable":true,"href":"https:\/\/staging.itbid.com\/en\/wp-json\/wp\/v2\/comments?post=32431"}],"version-history":[{"count":0,"href":"https:\/\/staging.itbid.com\/en\/wp-json\/wp\/v2\/pages\/32431\/revisions"}],"wp:attachment":[{"href":"https:\/\/staging.itbid.com\/en\/wp-json\/wp\/v2\/media?parent=32431"}],"curies":[{"name":"wp","href":"https:\/\/api.w.org\/{rel}","templated":true}]}}