{"id":31726,"date":"2024-11-07T11:55:54","date_gmt":"2024-11-07T11:55:54","guid":{"rendered":"http:\/\/itbid.com\/?page_id=31726"},"modified":"2024-11-12T09:35:28","modified_gmt":"2024-11-12T09:35:28","slug":"codi-etic","status":"publish","type":"page","link":"https:\/\/staging.itbid.com\/ca\/codi-etic\/","title":{"rendered":"C\u00f3di \u00c9tic"},"content":{"rendered":"<p>En l&#8217;entorn global en constant evoluci\u00f3, en qu\u00e8 operem, hem establert els valors principals que han de recolzar la conducta de tota l&#8217;empresa amb la finalitat de complir amb la nostra ambici\u00f3 de ser la primera opci\u00f3 dels nostres clients i prove\u00efdors.<\/p>\n<p>S\u00f3n destinataris del codi \u00e8tic d&#8217;itbid tots els seus empleats, que han de con\u00e8ixer i acceptar el seu contingut i obligar-se al compliment en el moment de la seva incorporaci\u00f3 a la Companyia.<\/p>\n<p>Els prove\u00efdors, subcontractistes, clients i tercers que mantinguin relacions comercials amb Itbid, quedaran emparats pels principis del present codi en quant els siguin d&#8217;aplicaci\u00f3.<\/p>\n<ul>\n<li>El nostre Codi \u00c8tic es fonamenta en els seg\u00fcents valors:<\/li>\n<li>Cumpliment de la llei i, per sobre de tot, respecte a l&#8217;individu.<\/li>\n<li>Respecte cap a les persones, igualtat d&#8217;oportunitats i no discriminaci\u00f3.<\/li>\n<li>Col\u00b7laboraci\u00f3 amb les autoritats p\u00fabliques.<\/li>\n<li>Respecte pel medi ambient i per cadascuna de les comunitats en qu\u00e8 actuem.<\/li>\n<li>Convicci\u00f3 que la innovaci\u00f3 i la lliure compet\u00e8ncia s\u00f3n les millors bases per al desenvolupament econ\u00f2mic.<\/li>\n<li>Necessitat que el respecte mutu, el di\u00e0leg i la transpar\u00e8ncia siguin la base de les nostres relacions. Itbid reconeix la llibertat de sindicaci\u00f3 i el dret de vaga com a drets universals.<\/li>\n<li>Voluntat de servir i no defraudar a qui confien en els nostres serveis, amb integritat, independ\u00e8ncia i imparcialitat, respectant i utilitzant correctament els b\u00e9ns i interessos d&#8217;Itbid.<\/li>\n<\/ul>\n<h2>Salut laboral i seguretat en el lloc de treball<\/h2>\n<p>itbid est\u00e0 compromesa a proporcionar un ambient de treball saludable i segur per a tots els nostres empleats i qualsevol persona que treballi o visiti les nostres instal\u00b7lacions.<\/p>\n<p>L&#8217;aplicaci\u00f3 de normes i pol\u00edtiques de seguretat i salut en el treball, que assegurin:<\/p>\n<ul>\n<li>Un entorn de treball segur i saludable, lliure d&#8217;alcohol i drogues, que compleixi amb els requisits en mat\u00e8ria de prevenci\u00f3 de riscos laborals, segons el disposat en les normes internacionals del treball, la normativa del pa\u00eds on desenvolupin la seva activitat i en les normes d&#8217;Itbid.<\/li>\n<li>Mesures preventives per evitar accidents i malalties laborals, amb respostes per a situacions d&#8217;emerg\u00e8ncia durant la realitzaci\u00f3 de l&#8217;activitat laboral.<\/li>\n<li>Impulsar sistemes de gesti\u00f3 sostenibles i eficients mitjan\u00e7ant la planificaci\u00f3 d&#8217;activitats de revisi\u00f3, an\u00e0lisi, correcci\u00f3 i millora cont\u00ednua, d&#8217;acord amb el context i l&#8217;estrat\u00e8gia d&#8217;Itbid.<\/li>\n<\/ul>\n<p>Revisi\u00f3 0 &#8211; 20\/07\/2023<\/p>\n<ul>\n<li>Formaci\u00f3 i capacitaci\u00f3 en mat\u00e8ria de salut i seguretat dels empleats perqu\u00e8 vetllin per la seva seguretat i la de les altres persones del seu entorn que poguessin veure&#8217;s afectades durant el desenvolupament de l&#8217;activitat.<\/li>\n<\/ul>\n<h2>Lluita contra el suborn, la corrupci\u00f3 i conflictes d&#8217;inter\u00e8s<\/h2>\n<p>Itbid manifesta toler\u00e0ncia zero davant la corrupci\u00f3, el frau i els comportaments contraris al seu Codi d&#8217;\u00c8tica, i en concret contra aquells comportaments derivats de pr\u00e0ctiques fraudulentes derivades de les atencions, regals, i invitacions a esdeveniments que no compleixin el que s&#8217;ha explicitat en la Pol\u00edtica de prevenci\u00f3 contra el suborn, corrupci\u00f3 i conflictes d&#8217;inter\u00e8s.<\/p>\n<ul>\n<li>Itbid s&#8217;abstindr\u00e0 de contractar prove\u00efdors dels quals tingui const\u00e0ncia que han realitzat suborns a autoritats o funcionaris p\u00fablics amb la finalitat d&#8217;obtenir algun benefici, privilegi o avantatge.<\/li>\n<li>Itbid s&#8217;abstindr\u00e0 de relacionar-se amb prove\u00efdors i subcontractistes implicats, encausats o condemnats en i per delictes de corrupci\u00f3, incloent-hi especialment l&#8217;extorsi\u00f3 i el suborn.<\/li>\n<li>Els prove\u00efdors i subcontractistes no podran oferir obsequis, regals o privilegis als empleats i directius d&#8217;Itbid, abstenint-se aquests de rebre&#8217;ls.<\/li>\n<li>Els empleats i directius d&#8217;Itbid no podran oferir tractes de favor als prove\u00efdors.<\/li>\n<\/ul>\n<h2>Medi ambient<\/h2>\n<ul>\n<li>Itbid est\u00e0 compromesa amb la preservaci\u00f3 del medi ambient, complint amb totes les lleis i regulacions ambientals aplicables, que demostrin una millora cont\u00ednua en el seu rendiment ambiental i que segueixin les pr\u00e0ctiques de la ind\u00fastria per fer-ho.<\/li>\n<li>Itbid treballa amb els seus prove\u00efdors i socis per tal que tinguin mesures preventives i correctives que promoguin la responsabilitat ambiental i la sostenibilitat de l&#8217;ecosistema, comptant amb sistemes efica\u00e7os per identificar, controlar i tractar els impactes ambientals de les activitats.<\/li>\n<\/ul>\n","protected":false},"excerpt":{"rendered":"<p>En l&#8217;entorn global en constant evoluci\u00f3, en qu\u00e8 operem, hem [&hellip;]<\/p>\n","protected":false},"author":9,"featured_media":0,"parent":0,"menu_order":0,"comment_status":"closed","ping_status":"closed","template":"","meta":{"_acf_changed":false,"content-type":"","inline_featured_image":false,"footnotes":""},"class_list":["post-31726","page","type-page","status-publish","hentry"],"acf":[],"_links":{"self":[{"href":"https:\/\/staging.itbid.com\/ca\/wp-json\/wp\/v2\/pages\/31726","targetHints":{"allow":["GET"]}}],"collection":[{"href":"https:\/\/staging.itbid.com\/ca\/wp-json\/wp\/v2\/pages"}],"about":[{"href":"https:\/\/staging.itbid.com\/ca\/wp-json\/wp\/v2\/types\/page"}],"author":[{"embeddable":true,"href":"https:\/\/staging.itbid.com\/ca\/wp-json\/wp\/v2\/users\/9"}],"replies":[{"embeddable":true,"href":"https:\/\/staging.itbid.com\/ca\/wp-json\/wp\/v2\/comments?post=31726"}],"version-history":[{"count":2,"href":"https:\/\/staging.itbid.com\/ca\/wp-json\/wp\/v2\/pages\/31726\/revisions"}],"predecessor-version":[{"id":31728,"href":"https:\/\/staging.itbid.com\/ca\/wp-json\/wp\/v2\/pages\/31726\/revisions\/31728"}],"wp:attachment":[{"href":"https:\/\/staging.itbid.com\/ca\/wp-json\/wp\/v2\/media?parent=31726"}],"curies":[{"name":"wp","href":"https:\/\/api.w.org\/{rel}","templated":true}]}}