{"id":31724,"date":"2024-10-29T17:40:57","date_gmt":"2024-10-29T17:40:57","guid":{"rendered":"http:\/\/itbid.com\/?page_id=31724"},"modified":"2024-11-12T09:33:18","modified_gmt":"2024-11-12T09:33:18","slug":"politica-de-cookies","status":"publish","type":"page","link":"https:\/\/staging.itbid.com\/ca\/politica-de-cookies\/","title":{"rendered":"Pol\u00edtica de Cookies"},"content":{"rendered":"<h2>INFORMACI\u00d3 SOBRE COOKIES<span style=\"font-weight: 400;\">\u00a0<\/span><\/h2>\n<p><span style=\"font-weight: 400;\">D&#8217;acord amb l&#8217;art. 22.2 de la Llei 34\/2002, d&#8217;11 de juliol, de serveis de la societat de la informaci\u00f3 i de comer\u00e7 electr\u00f2nic (LSSI), en relaci\u00f3 amb el Reglament (UE) 2016\/679 del Parlament Europeu i del Consell, de 27 d&#8217;abril de 2016, General de Protecci\u00f3 de Dades (GDPR) i la Llei Org\u00e0nica 3\/2018, de 5 de desembre, de Protecci\u00f3 de Dades i Garantia dels Drets Digitals (LOPDGDD), \u00e9s obligatori obtenir el consentiment expr\u00e9s de l&#8217;usuari de totes les p\u00e0gines web que utilitzen cookies prescindibles, abans que aquest hi navegui.<\/span><\/p>\n<h2>QU\u00c8 S\u00d3N LES COOKIES?<span style=\"font-weight: 400;\">\u00a0<\/span><\/h2>\n<p><span style=\"font-weight: 400;\">Les <\/span><i><span style=\"font-weight: 400;\">cookies <\/span><\/i><span style=\"font-weight: 400;\">i altres tecnologies similars com els local shared objects, les flash <\/span><i><span style=\"font-weight: 400;\">cookies <\/span><\/i><span style=\"font-weight: 400;\">o els p\u00edxels, s\u00f3n eines utilitzades pels servidors web per emmagatzemar i recuperar informaci\u00f3 sobre els seus visitants, aix\u00ed com per oferir un funcionament correcte del lloc.\u00a0<\/span><\/p>\n<p><span style=\"font-weight: 400;\">Mitjan\u00e7ant l&#8217;\u00fas d&#8217;aquests dispositius, es permet al servidor web recordar algunes dades relatives a l&#8217;usuari, com les seves prefer\u00e8ncies per a la visualitzaci\u00f3 de les p\u00e0gines d&#8217;aquest servidor, nom i contrasenya, productes que li interessen m\u00e9s, etc.<\/span><\/p>\n<h2>COOKIES AFECTADES PER LA NORMATIVA I COOKIES EXCLOSES<\/h2>\n<p><span style=\"font-weight: 400;\">Segons la directiva de la UE, les <\/span><i><span style=\"font-weight: 400;\">cookies <\/span><\/i><span style=\"font-weight: 400;\">que requereixen el consentiment informat per part de l&#8217;usuari s\u00f3n les <\/span><i><span style=\"font-weight: 400;\">cookies <\/span><\/i><span style=\"font-weight: 400;\">d&#8217;an\u00e0lisi i les de publicitat i afiliaci\u00f3, quedant excloses les de car\u00e0cter t\u00e8cnic i les necess\u00e0ries per al funcionament del lloc web o la prestaci\u00f3 de serveis sol\u00b7licitats expressament per l&#8217;usuari.\u00a0<\/span><\/p>\n<h2>TIPUS DE COOKIES<span style=\"font-weight: 400;\">\u00a0<\/span><\/h2>\n<h2>SEGONS LA FINALITAT<span style=\"font-weight: 400;\">\u00a0<\/span><\/h2>\n<ul>\n<li style=\"font-weight: 400;\" aria-level=\"1\"><b><i>Cookies <\/i><\/b><b>t\u00e8cniques i funcionals<\/b><span style=\"font-weight: 400;\">: s\u00f3n aquelles que permeten a l&#8217;usuari navegar per una p\u00e0gina web, plataforma o aplicaci\u00f3 i utilitzar les diferents opcions o serveis que hi existeixin<\/span><i><span style=\"font-weight: 400;\">.<\/span><\/i><\/li>\n<li style=\"font-weight: 400;\" aria-level=\"1\"><b><i>Cookies <\/i><\/b><b>d&#8217;an\u00e0lisi<\/b><span style=\"font-weight: 400;\">: s\u00f3n aquelles que permeten al responsable d&#8217;aquestes el seguiment i an\u00e0lisi del comportament dels usuaris dels llocs web als quals estan vinculades. La informaci\u00f3 recollida mitjan\u00e7ant aquest tipus de <\/span><i><span style=\"font-weight: 400;\">cookies<\/span><\/i><span style=\"font-weight: 400;\"> s&#8217;utilitza en la mesura de l&#8217;activitat dels llocs web, aplicaci\u00f3 o plataforma i per a l&#8217;elaboraci\u00f3 de perfils de navegaci\u00f3 dels usuaris d&#8217;aquests llocs, aplicacions i plataformes, amb la finalitat d&#8217;introduir millores en funci\u00f3 de l&#8217;an\u00e0lisi de les dades d&#8217;\u00fas que fan els usuaris del servei.<\/span><\/li>\n<li style=\"font-weight: 400;\" aria-level=\"1\"><b><i>Cookies <\/i><\/b><b>publicit\u00e0ries<\/b><span style=\"font-weight: 400;\">: s\u00f3n aquelles que permeten la gesti\u00f3, de la forma m\u00e9s efica\u00e7 possible, dels espais publicitaris que, si escau, l&#8217;editor hagi incl\u00f2s en una p\u00e0gina web, aplicaci\u00f3 o plataforma des de la qual presta el servei sol\u00b7licitat en funci\u00f3 de criteris com el contingut editat o la freq\u00fc\u00e8ncia amb qu\u00e8 es mostren els anuncis.\u00a0<\/span><\/li>\n<li style=\"font-weight: 400;\" aria-level=\"1\"><b><i>Cookies <\/i><\/b><b>de publicitat comportamental<\/b><span style=\"font-weight: 400;\">: recullen informaci\u00f3 sobre les prefer\u00e8ncies i eleccions personals de l&#8217;usuari (<\/span><i><span style=\"font-weight: 400;\">retargeting<\/span><\/i><span style=\"font-weight: 400;\">) per permetre la gesti\u00f3, de la forma m\u00e9s efica\u00e7 possible, dels espais publicitaris que, si escau, l&#8217;editor hagi incl\u00f2s en una p\u00e0gina web, aplicaci\u00f3 o plataforma des de la qual presta el servei sol\u00b7licitat.<\/span><\/li>\n<\/ul>\n<ul>\n<li style=\"font-weight: 400;\" aria-level=\"1\"><b><i>Cookies <\/i><\/b><b>socials<\/b><span style=\"font-weight: 400;\">: s\u00f3n establertes per les plataformes de xarxes socials en els serveis per permetre-li compartir contingut amb els seus amics i xarxes. Les plataformes de mitjans socials poden rastrejar la seva activitat en l\u00ednia fora dels serveis. Aix\u00f2 pot afectar el contingut i els missatges que veu en altres serveis que visita.<\/span><\/li>\n<li style=\"font-weight: 400;\" aria-level=\"1\"><b><i>Cookies <\/i><\/b><b>d&#8217;afiliats<\/b><span style=\"font-weight: 400;\">: permeten fer un seguiment de les visites procedents d&#8217;altres webs, amb les quals el lloc web estableix un contracte d&#8217;afiliaci\u00f3 (empreses d&#8217;afiliaci\u00f3).<\/span><\/li>\n<li style=\"font-weight: 400;\" aria-level=\"1\"><b><i>Cookies <\/i><\/b><b>de seguretat<\/b><span style=\"font-weight: 400;\">: emmagatzemen informaci\u00f3 xifrada per evitar que les dades guardades en elles siguin vulnerables a atacs maliciosos de tercers.<\/span><\/li>\n<\/ul>\n<h2>SEGONS LA PROPIETAT<span style=\"font-weight: 400;\">\u00a0<\/span><\/h2>\n<ul>\n<li style=\"font-weight: 400;\" aria-level=\"1\"><b><i>Cookies <\/i><\/b><b>pr\u00f2pies<\/b><span style=\"font-weight: 400;\">: s\u00f3n aquelles que s&#8217;envien a l&#8217;equip terminal de l&#8217;usuari des d&#8217;un equip o domini gestionat pel propi editor i des del qual es presta el servei sol\u00b7licitat per l&#8217;usuari.<\/span><\/li>\n<\/ul>\n<ul>\n<li style=\"font-weight: 400;\" aria-level=\"1\"><b><i>Cookies <\/i><\/b><b>de tercers<\/b><span style=\"font-weight: 400;\">: s\u00f3n aquelles que s&#8217;envien a l&#8217;equip terminal de l&#8217;usuari des d&#8217;un equip o domini que no \u00e9s gestionat per l&#8217;editor, sin\u00f3 per una altra entitat que tracta les dades obtingudes a trav\u00e9s de les cookies.<\/span><\/li>\n<\/ul>\n<h2>SEGONS EL TERMINI DE CONSERVACI\u00d3<\/h2>\n<ul>\n<li style=\"font-weight: 400;\" aria-level=\"1\"><b><i>Cookies <\/i><\/b><b>de sessi\u00f3<\/b><span style=\"font-weight: 400;\">: s\u00f3n un tipus de <\/span><i><span style=\"font-weight: 400;\">cookies<\/span><\/i><span style=\"font-weight: 400;\"> dissenyades per recollir i emmagatzemar dades mentre l&#8217;usuari accedeix a una p\u00e0gina web.<\/span><\/li>\n<li style=\"font-weight: 400;\" aria-level=\"1\"><b><i>Cookies <\/i><\/b><b>persistents<\/b><span style=\"font-weight: 400;\">: s\u00f3n un tipus de cookies en qu\u00e8 les dades continuen emmagatzemades en el terminal i poden ser accedides i tractades durant un per\u00edode definit pel responsable de la <\/span><i><span style=\"font-weight: 400;\">cookie<\/span><\/i><span style=\"font-weight: 400;\">, que pot anar des d&#8217;uns minuts fins a diversos anys.<\/span><\/li>\n<\/ul>\n<h2>TRACTAMENT DE DADES PERSONALS<span style=\"font-weight: 400;\">\u00a0<\/span><\/h2>\n<p><b>ITBID TECHNOLOGIES 2002, S.L.<\/b><span style=\"font-weight: 400;\"> \u00e9s el <\/span><b>Responsable del tractament<\/b><span style=\"font-weight: 400;\"> de les dades personals de l&#8217;<\/span><b>Interessat<\/b><span style=\"font-weight: 400;\"> i l&#8217;informa que aquestes dades seran tractades de conformitat amb el que disposa el Reglament (UE) 2016\/679, de 27 d&#8217;abril de 2016 (GDPR), pel que es facilita la seg\u00fcent informaci\u00f3 del tractament (per a m\u00e9s informaci\u00f3 sobre el tractament de les seves dades per ITBID TECHNOLOGIES 2002 S.L pot consultar la nostra Pol\u00edtica de Privacitat):<\/span><\/p>\n<p><b>Finalitats del tractament:<\/b><span style=\"font-weight: 400;\"> segons s&#8217;especifica a l&#8217;apartat de <\/span><i><span style=\"font-weight: 400;\">cookies <\/span><\/i><span style=\"font-weight: 400;\">que s&#8217;utilitzen en aquest lloc web.<\/span><\/p>\n<p><b>Legitimaci\u00f3 del tractament:<\/b><span style=\"font-weight: 400;\"> excepte en els casos en qu\u00e8 resulti necessari per a la navegaci\u00f3 per la web, per consentiment de l&#8217;interessat (art. 6.1 GDPR).<\/span><\/p>\n<p><b>Criteris de conservaci\u00f3 de les dades:<\/b><span style=\"font-weight: 400;\"> segons s&#8217;especifica a l&#8217;apartat de <\/span><i><span style=\"font-weight: 400;\">cookies <\/span><\/i><span style=\"font-weight: 400;\">utilitzades en la web.<\/span><\/p>\n<p><b>Comunicaci\u00f3 de les dades:<\/b><span style=\"font-weight: 400;\"> no es comunicaran les dades a tercers, excepte en cookies de propietat de tercers o per obligaci\u00f3 legal.<\/span><\/p>\n<p><b>Drets que assisteixen l&#8217;Interessat:<\/b><span style=\"font-weight: 400;\">\u00a0<\/span><\/p>\n<p><span style=\"font-weight: 400;\">\u2013 Dret a retirar el consentiment en qualsevol moment.<\/span><\/p>\n<p><span style=\"font-weight: 400;\">\u2013 Dret d&#8217;acc\u00e9s, rectificaci\u00f3, portabilitat i supressi\u00f3 de les seves dades, i de limitaci\u00f3 o oposici\u00f3 al seu tractament.<\/span><\/p>\n<p><span style=\"font-weight: 400;\">\u2013 Dret a presentar una reclamaci\u00f3 davant l&#8217;Autoritat de control (www.aepd.es) si considera que el tractament no s&#8217;ajusta a la normativa vigent.<\/span><\/p>\n<p><b>Dades de contacte per exercir els seus drets:<\/b><span style=\"font-weight: 400;\">\u00a0<\/span><\/p>\n<p><span style=\"font-weight: 400;\">ITBID TECHNOLOGIES 2002, S.L.. AVDA. JOSEP TARRADELLAS, 8, AT. 3 \u2013 08029 Barcelona (Barcelona)<\/span><\/p>\n<h2>COOKIES UTILITZADES EN AQUEST LLOC WEB<span style=\"font-weight: 400;\">\u00a0<\/span><\/h2>\n<p><span style=\"font-weight: 400;\">\u202fDes d&#8217;aquest panell podr\u00e0 configurar les cookies que el lloc web pot instal\u00b7lar en el seu navegador, excepte les cookies t\u00e8cniques o funcionals que s\u00f3n necess\u00e0ries per a la navegaci\u00f3 i l&#8217;\u00fas de les diferents opcions o serveis que s&#8217;ofereixen.<\/span><\/p>\n<p><span style=\"font-weight: 400;\">Les cookies seleccionades indiquen que l&#8217;usuari autoritza la instal\u00b7laci\u00f3 en el seu navegador i el tractament de dades sota les condicions reflectides en la Pol\u00edtica de cookies.<\/span><\/p>\n<p><span style=\"font-weight: 400;\">L&#8217;usuari pot marcar o desmarcar el selector segons es vulgui acceptar o rebutjar la instal\u00b7laci\u00f3 de cookies.<\/span><\/p>\n<h2>COOKIES CONTROLADES PEL EDITOR<span style=\"font-weight: 400;\">\u00a0<\/span><\/h2>\n<table>\n<tbody>\n<tr>\n<td colspan=\"5\"><b>T\u00e8cniques i funcionals<\/b><\/td>\n<\/tr>\n<tr>\n<td><b>Propietat<\/b><\/td>\n<td><b>Cookie<\/b><\/td>\n<td><b>Finalitat<\/b><\/td>\n<td><b>Termini<\/b><\/td>\n<td><\/td>\n<\/tr>\n<tr>\n<td><span style=\"font-weight: 400;\">google.com <\/span><\/td>\n<td><b>__Secure-1PAPISID<\/b><\/td>\n<td><span style=\"font-weight: 400;\">Cookie necess\u00e0ria per a la utilitzaci\u00f3 de les opcions i serveis del lloc web <\/span><\/td>\n<td><span style=\"font-weight: 400;\">en 2 anys <\/span><\/td>\n<td><\/td>\n<\/tr>\n<tr>\n<td><span style=\"font-weight: 400;\">google.com <\/span><\/td>\n<td><b>__Secure-1PSID<\/b><\/td>\n<td><span style=\"font-weight: 400;\">Cookie necess\u00e0ria per a la utilitzaci\u00f3 de les opcions i serveis del lloc web <\/span><\/td>\n<td><span style=\"font-weight: 400;\">en 2 anys <\/span><\/td>\n<td><\/td>\n<\/tr>\n<tr>\n<td><span style=\"font-weight: 400;\">google.com <\/span><\/td>\n<td><b>__Secure-1PSIDCC<\/b><\/td>\n<td><span style=\"font-weight: 400;\">Cookie necess\u00e0ria per a la utilitzaci\u00f3 de les opcions i serveis del lloc web <\/span><\/td>\n<td><span style=\"font-weight: 400;\">en un any <\/span><\/td>\n<td><\/td>\n<\/tr>\n<tr>\n<td><span style=\"font-weight: 400;\">google.com <\/span><\/td>\n<td><b>__Secure-3PSIDCC<\/b><\/td>\n<td><span style=\"font-weight: 400;\">Cookie necess\u00e0ria per a la utilitzaci\u00f3 de les opcions i serveis del lloc web <\/span><\/td>\n<td><span style=\"font-weight: 400;\">en un any <\/span><\/td>\n<td><\/td>\n<\/tr>\n<tr>\n<td><span style=\"font-weight: 400;\">google.com <\/span><\/td>\n<td><b>__Secure-ENID<\/b><\/td>\n<td><span style=\"font-weight: 400;\">Cookie necess\u00e0ria per a la utilitzaci\u00f3 de les opcions i serveis del lloc web <\/span><\/td>\n<td><span style=\"font-weight: 400;\">en un any <\/span><\/td>\n<td><\/td>\n<\/tr>\n<tr>\n<td><span style=\"font-weight: 400;\">google.com <\/span><\/td>\n<td><b>CONSENT<\/b><\/td>\n<td><span style=\"font-weight: 400;\">Rastrejador de consentiment de cookies de Google <\/span><\/td>\n<td><span style=\"font-weight: 400;\">en 16 anys <\/span><\/td>\n<td><\/td>\n<\/tr>\n<tr>\n<td><span style=\"font-weight: 400;\">google.com <\/span><\/td>\n<td><b>OGP<\/b><\/td>\n<td><span style=\"font-weight: 400;\">Cookie necess\u00e0ria per a la utilitzaci\u00f3 de les opcions i serveis del lloc web <\/span><\/td>\n<td><span style=\"font-weight: 400;\">en un mes <\/span><\/td>\n<td><\/td>\n<\/tr>\n<tr>\n<td><span style=\"font-weight: 400;\">google.com <\/span><\/td>\n<td><b>OGPC<\/b><\/td>\n<td><span style=\"font-weight: 400;\">Cookie necess\u00e0ria per a la utilitzaci\u00f3 de les opcions i serveis del lloc web <\/span><\/td>\n<td><span style=\"font-weight: 400;\">en un mes <\/span><\/td>\n<td><\/td>\n<\/tr>\n<tr>\n<td><span style=\"font-weight: 400;\">itbid.com <\/span><\/td>\n<td><b>_gat_UA-178061411-1<\/b><\/td>\n<td><span style=\"font-weight: 400;\">Cookie necess\u00e0ria per a la utilitzaci\u00f3 de les opcions i serveis del lloc web <\/span><\/td>\n<td><span style=\"font-weight: 400;\">Sessi\u00f3 <\/span><\/td>\n<td><\/td>\n<\/tr>\n<tr>\n<td><span style=\"font-weight: 400;\">itbid.com <\/span><\/td>\n<td><b>collect_chat_page_load<\/b><\/td>\n<td><span style=\"font-weight: 400;\">Cookie necess\u00e0ria per a la utilitzaci\u00f3 de les opcions i serveis del lloc web <\/span><\/td>\n<td><span style=\"font-weight: 400;\">en un mes <\/span><\/td>\n<td><\/td>\n<\/tr>\n<tr>\n<td><span style=\"font-weight: 400;\">linkedin.com <\/span><\/td>\n<td><b>lang<\/b><\/td>\n<td><span style=\"font-weight: 400;\">Guarda les prefer\u00e8ncies d&#8217;idioma de l&#8217;usuari per a un lloc web <\/span><\/td>\n<td><span style=\"font-weight: 400;\">Sessi\u00f3 <\/span><\/td>\n<td><\/td>\n<\/tr>\n<tr>\n<td><span style=\"font-weight: 400;\">linkedin.com <\/span><\/td>\n<td><b>li_gc<\/b><\/td>\n<td><span style=\"font-weight: 400;\">Cookie necess\u00e0ria per a la utilitzaci\u00f3 de les opcions i serveis del lloc web <\/span><\/td>\n<td><span style=\"font-weight: 400;\">en 2 anys <\/span><\/td>\n<td><\/td>\n<\/tr>\n<tr>\n<td><span style=\"font-weight: 400;\">linkedin.com <\/span><\/td>\n<td><b>li_mc<\/b><\/td>\n<td><span style=\"font-weight: 400;\">Cookie necess\u00e0ria per a la utilitzaci\u00f3 de les opcions i serveis del lloc web <\/span><\/td>\n<td><span style=\"font-weight: 400;\">en 2 anys <\/span><\/td>\n<td><\/td>\n<\/tr>\n<\/tbody>\n<\/table>\n<p>&nbsp;<\/p>\n<table>\n<tbody>\n<tr>\n<td colspan=\"5\"><b> <\/b><br \/>\n<b>Anal\u00edtiques<\/b><\/td>\n<\/tr>\n<tr>\n<td><b>Propietat<\/b><\/td>\n<td><b>Cookie<\/b><\/td>\n<td><b>Finalitat<\/b><\/td>\n<td><b>Termini<\/b><\/td>\n<td><b>Totes<\/b> <span style=\"font-weight: 400;\"><br \/>\n<\/span><span style=\"font-weight: 400;\">[Control] <\/span><\/td>\n<\/tr>\n<tr>\n<td><span style=\"font-weight: 400;\">google.com <\/span><\/td>\n<td><b>__Secure-3PAPISID<\/b><\/td>\n<td><span style=\"font-weight: 400;\">Aquestes cookies s&#8217;utilitzen per oferir anuncis m\u00e9s rellevants per a vost\u00e8 i els seus interessos. <\/span><\/td>\n<td><span style=\"font-weight: 400;\">en 2 anys <\/span><\/td>\n<td><span style=\"font-weight: 400;\">[Control] <\/span><\/td>\n<\/tr>\n<tr>\n<td><span style=\"font-weight: 400;\">google.com <\/span><\/td>\n<td><b>__Secure-3PSID<\/b><\/td>\n<td><span style=\"font-weight: 400;\">Aquestes cookies s&#8217;utilitzen per oferir anuncis m\u00e9s rellevants per a vost\u00e8 i els seus interessos. <\/span><\/td>\n<td><span style=\"font-weight: 400;\">en 2 anys <\/span><\/td>\n<td><span style=\"font-weight: 400;\">[Control] <\/span><\/td>\n<\/tr>\n<tr>\n<td><span style=\"font-weight: 400;\">google.com <\/span><\/td>\n<td><b>__Secure-3PSIDCC<\/b><\/td>\n<td><span style=\"font-weight: 400;\">Aquestes cookies s&#8217;utilitzen per oferir anuncis m\u00e9s rellevants per a vost\u00e8 i els seus interessos. <\/span><\/td>\n<td><span style=\"font-weight: 400;\">en 1 any <\/span><\/td>\n<td><span style=\"font-weight: 400;\">[Control] <\/span><\/td>\n<\/tr>\n<\/tbody>\n<\/table>\n","protected":false},"excerpt":{"rendered":"<p>INFORMACI\u00d3 SOBRE COOKIES\u00a0 D&#8217;acord amb l&#8217;art. 22.2 de la Llei [&hellip;]<\/p>\n","protected":false},"author":9,"featured_media":0,"parent":0,"menu_order":0,"comment_status":"closed","ping_status":"closed","template":"","meta":{"_acf_changed":false,"content-type":"","inline_featured_image":false,"footnotes":""},"class_list":["post-31724","page","type-page","status-publish","hentry"],"acf":[],"_links":{"self":[{"href":"https:\/\/staging.itbid.com\/ca\/wp-json\/wp\/v2\/pages\/31724","targetHints":{"allow":["GET"]}}],"collection":[{"href":"https:\/\/staging.itbid.com\/ca\/wp-json\/wp\/v2\/pages"}],"about":[{"href":"https:\/\/staging.itbid.com\/ca\/wp-json\/wp\/v2\/types\/page"}],"author":[{"embeddable":true,"href":"https:\/\/staging.itbid.com\/ca\/wp-json\/wp\/v2\/users\/9"}],"replies":[{"embeddable":true,"href":"https:\/\/staging.itbid.com\/ca\/wp-json\/wp\/v2\/comments?post=31724"}],"version-history":[{"count":1,"href":"https:\/\/staging.itbid.com\/ca\/wp-json\/wp\/v2\/pages\/31724\/revisions"}],"predecessor-version":[{"id":31725,"href":"https:\/\/staging.itbid.com\/ca\/wp-json\/wp\/v2\/pages\/31724\/revisions\/31725"}],"wp:attachment":[{"href":"https:\/\/staging.itbid.com\/ca\/wp-json\/wp\/v2\/media?parent=31724"}],"curies":[{"name":"wp","href":"https:\/\/api.w.org\/{rel}","templated":true}]}}