{"id":31719,"date":"2024-10-29T17:30:10","date_gmt":"2024-10-29T17:30:10","guid":{"rendered":"http:\/\/itbid.com\/?page_id=31719"},"modified":"2024-11-12T09:24:05","modified_gmt":"2024-11-12T09:24:05","slug":"politica-de-privadesa","status":"publish","type":"page","link":"https:\/\/staging.itbid.com\/ca\/politica-de-privadesa\/","title":{"rendered":"Pol\u00edtica de privadesa"},"content":{"rendered":"<div class=\"fusion-fullwidth fullwidth-box fusion-builder-row-1 fusion-flex-container has-pattern-background has-mask-background nonhundred-percent-fullwidth non-hundred-percent-height-scrolling\" style=\"--awb-border-radius-top-left:0px;--awb-border-radius-top-right:0px;--awb-border-radius-bottom-right:0px;--awb-border-radius-bottom-left:0px;--awb-flex-wrap:wrap;\" ><div class=\"fusion-builder-row fusion-row fusion-flex-align-items-flex-start fusion-flex-content-wrap\" style=\"max-width:1248px;margin-left: calc(-4% \/ 2 );margin-right: calc(-4% \/ 2 );\"><div class=\"fusion-layout-column fusion_builder_column fusion-builder-column-0 fusion_builder_column_1_1 1_1 fusion-flex-column\" style=\"--awb-bg-size:cover;--awb-width-large:100%;--awb-margin-top-large:0px;--awb-spacing-right-large:1.92%;--awb-margin-bottom-large:20px;--awb-spacing-left-large:1.92%;--awb-width-medium:100%;--awb-order-medium:0;--awb-spacing-right-medium:1.92%;--awb-spacing-left-medium:1.92%;--awb-width-small:100%;--awb-order-small:0;--awb-spacing-right-small:1.92%;--awb-spacing-left-small:1.92%;\"><div class=\"fusion-column-wrapper fusion-column-has-shadow fusion-flex-justify-content-flex-start fusion-content-layout-column\"><div class=\"fusion-tabs fusion-tabs-1 classic nav-is-justified horizontal-tabs icon-position-left mobile-mode-accordion\" style=\"--awb-title-border-radius-top-left:0px;--awb-title-border-radius-top-right:0px;--awb-title-border-radius-bottom-right:0px;--awb-title-border-radius-bottom-left:0px;--awb-title-font-size:17px;--awb-alignment:start;--awb-inactive-color:var(--awb-color2);--awb-background-color:var(--awb-color1);--awb-border-color:var(--awb-color3);--awb-active-border-color:var(--awb-color5);--awb-title-font-family:&quot;Montserrat&quot;;--awb-title-font-style:normal;--awb-title-font-weight:500;\"><div class=\"nav\"><ul class=\"nav-tabs nav-justified\" role=\"tablist\"><li class=\"active\" role=\"presentation\"><a class=\"tab-link\" data-toggle=\"tab\" role=\"tab\" aria-controls=\"tab-bc58639e5b7f3e58bb1\" aria-selected=\"true\" id=\"fusion-tab-pol\u00edticadeprivadesa\" href=\"#tab-bc58639e5b7f3e58bb1\"><h4 class=\"fusion-tab-heading\">Pol\u00edtica de privadesa<\/h4><\/a><\/li><li role=\"presentation\"><a class=\"tab-link\" data-toggle=\"tab\" role=\"tab\" aria-controls=\"tab-f8125254a5be2f1d451\" aria-selected=\"false\" tabindex=\"-1\" id=\"fusion-tab-pol\u00edticadeprivadesaalesxarxessocials\" href=\"#tab-f8125254a5be2f1d451\"><h4 class=\"fusion-tab-heading\">Pol\u00edtica de privadesa a les xarxes socials<\/h4><\/a><\/li><\/ul><\/div><div class=\"tab-content\"><div class=\"nav fusion-mobile-tab-nav\"><ul class=\"nav-tabs nav-justified\" role=\"tablist\"><li class=\"active\" role=\"presentation\"><a class=\"tab-link\" data-toggle=\"tab\" role=\"tab\" aria-controls=\"tab-bc58639e5b7f3e58bb1\" aria-selected=\"true\" id=\"mobile-fusion-tab-pol\u00edticadeprivadesa\" href=\"#tab-bc58639e5b7f3e58bb1\"><h4 class=\"fusion-tab-heading\">Pol\u00edtica de privadesa<\/h4><\/a><\/li><\/ul><\/div><div class=\"tab-pane fade fusion-clearfix in active\" role=\"tabpanel\" tabindex=\"0\" aria-labelledby=\"fusion-tab-pol\u00edticadeprivadesa\" id=\"tab-bc58639e5b7f3e58bb1\">\n<h2>1. INFORMACI\u00d3 PER A L&#8217;USUARI<\/h2>\n<h3>Qui \u00e9s el responsable del tractament de les teves dades personals?<\/h3>\n<p>ITBID TECHNOLOGIES 2002, S.L.<\/p>\n<p><span style=\"font-weight: 400;\">.- Av. Josep Tarradellas, 8-10<\/span><\/p>\n<p><span style=\"font-weight: 400;\">.- Correu electr\u00f2nic: info@itbid.com<\/span><\/p>\n<p><span style=\"font-weight: 400;\">.- Tel\u00e8fon: (+34) 933 218 614<\/span><\/p>\n<p><span style=\"font-weight: 400;\">.- ITBID no t\u00e9 designat actualment un DPO<\/span><\/p>\n<h3>Per a qu\u00e8 tractem les teves dades personals i quina \u00e9s la base jur\u00eddica per fer-ho?<\/h3>\n<p><span style=\"font-weight: 400;\">Podem tractar les teves dades personals en diferents \u00e0mbits de la nostra activitat:<\/span><\/p>\n<p><span style=\"font-weight: 400;\">Aix\u00ed, a trav\u00e9s dels diferents formularis habilitats al nostre web o actuacions en xarxes socials, les tractarem de manera confidencial per assolir els seg\u00fcents fins:<\/span><\/p>\n<p><span style=\"font-weight: 400;\">En el formulari <\/span><b>Contacte<\/b><\/p>\n<ul>\n<li style=\"font-weight: 400;\" aria-level=\"1\"><span style=\"font-weight: 400;\">Donar resposta a les consultes o qualsevol tipus de petici\u00f3 que realitzi l&#8217;usuari a trav\u00e9s de qualsevol de les formes de contacte que es posen a disposici\u00f3 a la p\u00e0gina web del responsable. (<\/span><i><span style=\"font-weight: 400;\">per l&#8217;inter\u00e8s leg\u00edtim del responsable, art. 6.1.f GDPR<\/span><\/i><span style=\"font-weight: 400;\">)<\/span><\/li>\n<li style=\"font-weight: 400;\" aria-level=\"1\"><span style=\"font-weight: 400;\">Enviar comunicacions comercials publicit\u00e0ries per correu electr\u00f2nic, fax, SMS, MMS, xarxes socials o qualsevol altre mitj\u00e0 electr\u00f2nic o f\u00edsic, present o futur, que permeti fer comunicacions comercials amb els nostres clients. Aquestes comunicacions seran realitzades pel responsable i estaran relacionades amb els seus productes i serveis, o amb els seus col\u00b7laboradors o prove\u00efdors, amb els quals hagi arribat a un acord de promoci\u00f3. En aquest cas, els tercers no tindran acc\u00e9s a les dades personals. (<\/span><i><span style=\"font-weight: 400;\">pel consentiment de l&#8217;interessat, 6.1.a GDPR<\/span><\/i><span style=\"font-weight: 400;\">)<\/span><\/li>\n<li style=\"font-weight: 400;\" aria-level=\"1\"><span style=\"font-weight: 400;\">Realitzar an\u00e0lisis estad\u00edstiques i estudis de mercat. (<\/span><i><span style=\"font-weight: 400;\">per l&#8217;inter\u00e8s leg\u00edtim del responsable, art. 6.1.f GDPR<\/span><\/i><span style=\"font-weight: 400;\">)<\/span><\/li>\n<\/ul>\n<p><span style=\"font-weight: 400;\">En el formulari <\/span><b>Sol\u00b7licita una demostraci\u00f3<\/b><\/p>\n<ul>\n<li style=\"font-weight: 400;\" aria-level=\"1\"><span style=\"font-weight: 400;\">Guiar durant la demo sol\u00b7licitada i donar resposta a les consultes plantejades. (<\/span><i><span style=\"font-weight: 400;\">per l&#8217;inter\u00e8s leg\u00edtim del responsable, art. 6.1.f GDPR<\/span><\/i><span style=\"font-weight: 400;\">)<\/span><\/li>\n<li style=\"font-weight: 400;\" aria-level=\"1\"><span style=\"font-weight: 400;\">Enviar comunicacions comercials publicit\u00e0ries per correu electr\u00f2nic, fax, SMS, MMS, xarxes socials o qualsevol altre mitj\u00e0 electr\u00f2nic o f\u00edsic, present o futur, que permeti fer comunicacions comercials. Aquestes comunicacions seran realitzades pel responsable i estaran relacionades amb els seus productes i serveis, o amb els seus col\u00b7laboradors o prove\u00efdors, amb els quals hagi arribat a un acord de promoci\u00f3. En aquest cas, els tercers no tindran acc\u00e9s a les dades personals. (<\/span><i><span style=\"font-weight: 400;\">pel consentiment de l&#8217;interessat, 6.1.a GDPR<\/span><\/i><span style=\"font-weight: 400;\">)<\/span><\/li>\n<li style=\"font-weight: 400;\" aria-level=\"1\"><span style=\"font-weight: 400;\">Realitzar an\u00e0lisis estad\u00edstiques i estudis de mercat. (<\/span><i><span style=\"font-weight: 400;\">per l&#8217;inter\u00e8s leg\u00edtim del responsable, art. 6.1.f GDPR<\/span><\/i><span style=\"font-weight: 400;\">)<\/span><\/li>\n<\/ul>\n<h3>A LinkedIn<\/h3>\n<ul>\n<li style=\"font-weight: 400;\" aria-level=\"1\"><span style=\"font-weight: 400;\">Gestionar sol\u00b7licituds i consultes plantejades al responsable<\/span><\/li>\n<li style=\"font-weight: 400;\" aria-level=\"1\"><span style=\"font-weight: 400;\">Informar sobre activitats i esdeveniments organitzats pel responsable<\/span><\/li>\n<li style=\"font-weight: 400;\" aria-level=\"1\"><span style=\"font-weight: 400;\">Informar sobre productes o serveis oferts pel responsable<\/span><\/li>\n<li style=\"font-weight: 400;\" aria-level=\"1\"><span style=\"font-weight: 400;\">Revisar perfils p\u00fablics en casos de cerca d&#8217;empleats d&#8217;acord amb les necessitats del perfil.<\/span><\/li>\n<\/ul>\n<p><span style=\"font-weight: 400;\">A m\u00e9s dels tractaments que tenen lloc a trav\u00e9s del web, en l&#8217;\u00e0mbit de les diferents Activitats de tractament identificades en el seu Registre d&#8217;Activitats, els tractarem per assolir, entre altres, els seg\u00fcents fins:<\/span><\/p>\n<h3>Per a la gesti\u00f3 de les relacions laborals<\/h3>\n<ul>\n<li style=\"font-weight: 400;\" aria-level=\"1\"><span style=\"font-weight: 400;\">En el proc\u00e9s de selecci\u00f3 i contractaci\u00f3, o,<\/span><\/li>\n<li style=\"font-weight: 400;\" aria-level=\"1\"><span style=\"font-weight: 400;\">Durant el desenvolupament de la relaci\u00f3 laboral com a conseq\u00fc\u00e8ncia del control de l&#8217;activitat laboral<\/span><\/li>\n<li style=\"font-weight: 400;\" aria-level=\"1\"><span style=\"font-weight: 400;\">o en les relacions amb la representaci\u00f3 legal dels treballadors o per a la vigil\u00e0ncia de la salut. (en la majoria d&#8217;aquests casos el tractament estar\u00e0 justificat per ser necessari per a l&#8217;execuci\u00f3 del contracte de treball, i en altres ocasions per al compliment d&#8217;obligacions legals o perqu\u00e8 els agents implicats hagin donat el seu consentiment)<\/span><\/li>\n<\/ul>\n<h3>Per a la gesti\u00f3 de les relacions amb Clients i Prove\u00efdors<\/h3>\n<ul>\n<li style=\"font-weight: 400;\" aria-level=\"1\"><span style=\"font-weight: 400;\">El tractament de les dades personals en les relacions amb clients i prove\u00efdors estar\u00e0 justificat per la necessitat d&#8217;executar el contracte celebrat amb ells o per a l&#8217;execuci\u00f3 a petici\u00f3 d&#8217;aquests de mesures precontractuals. En altres ocasions, el tractament de les dades de contacte professional estar\u00e0 justificat per un inter\u00e8s leg\u00edtim d&#8217;ITBID per iniciar o mantenir una relaci\u00f3 comercial. Aquest mateix inter\u00e8s leg\u00edtim \u00e9s base legal suficient per poder fer enviaments comercials als nostres <\/span><span style=\"font-weight: 400;\">clients<\/span><span style=\"font-weight: 400;\"> sense perjudici del dret d&#8217;oposici\u00f3 que en qualsevol moment podran exercitar. En altres casos, haurem de tractar aquestes dades per complir amb les nostres obligacions davant de l&#8217;administraci\u00f3 p\u00fablica, per exemple, amb l&#8217;Ag\u00e8ncia Tribut\u00e0ria, no essent necessari el seu consentiment per al tractament.<\/span><\/li>\n<\/ul>\n<ul>\n<li style=\"font-weight: 400;\" aria-level=\"1\"><span style=\"font-weight: 400;\">La nostra activitat principal es basa en el disseny, comercialitzaci\u00f3 i manteniment d&#8217;un programari de gesti\u00f3 que permet als nostres clients gestionar la relaci\u00f3 amb els seus prove\u00efdors, de manera que el tractament de les dades que els nostres clients incorporin a aquesta eina ser\u00e0 de la seva exclusiva responsabilitat. ITBID ser\u00e0 responsable del tractament de les dades de clients necess\u00e0ries per gestionar el compte d&#8217;usuari per proporcionar-li un acc\u00e9s personalitzat a la nostra plataforma i als serveis interactius que ofereix. (per ser necessari per a l&#8217;execuci\u00f3 del contracte com a prove\u00efdor de SaaS, 6.1.b GDPR)<\/span><\/li>\n<\/ul>\n<ul>\n<li style=\"font-weight: 400;\" aria-level=\"1\"><span style=\"font-weight: 400;\">El tractament de les dades de contacte professional de treballadors de clients, prove\u00efdors, possibles clients o possibles prove\u00efdors estar\u00e0 justificat per un inter\u00e8s leg\u00edtim d&#8217;ITBID per iniciar o mantenir una relaci\u00f3 comercial. Aquest mateix inter\u00e8s leg\u00edtim \u00e9s base legal suficient per poder fer enviaments comercials als nostres clients sense perjudici del dret d&#8217;oposici\u00f3 que en qualsevol moment podran exercitar.<\/span><\/li>\n<\/ul>\n<\/div><div class=\"nav fusion-mobile-tab-nav\"><ul class=\"nav-tabs nav-justified\" role=\"tablist\"><li role=\"presentation\"><a class=\"tab-link\" data-toggle=\"tab\" role=\"tab\" aria-controls=\"tab-f8125254a5be2f1d451\" aria-selected=\"false\" tabindex=\"-1\" id=\"mobile-fusion-tab-pol\u00edticadeprivadesaalesxarxessocials\" href=\"#tab-f8125254a5be2f1d451\"><h4 class=\"fusion-tab-heading\">Pol\u00edtica de privadesa a les xarxes socials<\/h4><\/a><\/li><\/ul><\/div><div class=\"tab-pane fade fusion-clearfix\" role=\"tabpanel\" tabindex=\"0\" aria-labelledby=\"fusion-tab-pol\u00edticadeprivadesaalesxarxessocials\" id=\"tab-f8125254a5be2f1d451\">\n<h2>1. INFORMACI\u00d3 PER A L&#8217;USUARI<\/h2>\n<h3>Qui \u00e9s el responsable del tractament de les teves dades personals?<span style=\"font-weight: 400;\">\u00a0<\/span><\/h3>\n<p><span style=\"font-weight: 400;\">ITBID TECHNOLOGIES 2002, S.L., en endavant, <\/span><b>RESPONSABLE<\/b><span style=\"font-weight: 400;\">, informa a l&#8217;<\/span><b>USUARI <\/b><span style=\"font-weight: 400;\">que ha procedit a crear un perfil a les Xarxes Socials: LinkedIn, del qual \u00e9s responsable del tractament de les dades personals de l&#8217;usuari que es facin en aquestes xarxes socials, i li informa que aquestes dades seran tractades de conformitat amb el que disposa el Reglament (UE) 2016\/679, de 27 d\u2019abril (GDPR), i la Llei Org\u00e0nica 3\/2018, de 5 de desembre (LOPDGDD), per la qual cosa se li facilita la seg\u00fcent informaci\u00f3 del tractament:\u00a0<\/span><\/p>\n<h3>Per a qu\u00e8 tractem les teves dades personals?<span style=\"font-weight: 400;\">\u00a0<\/span><\/h3>\n<p><b>Finalitat del tractament<\/b><span style=\"font-weight: 400;\">: mantenir una relaci\u00f3 entre l&#8217;USUARI i el RESPONSABLE que pot incloure les seg\u00fcents operacions:\u00a0<\/span><\/p>\n<ul>\n<li style=\"font-weight: 400;\" aria-level=\"1\"><span style=\"font-weight: 400;\">Tramitar sol\u00b7licituds i consultes plantejades al responsable\u00a0<\/span><\/li>\n<li style=\"font-weight: 400;\" aria-level=\"1\"><span style=\"font-weight: 400;\">Informar sobre activitats i esdeveniments organitzats pel responsable\u00a0<\/span><\/li>\n<li style=\"font-weight: 400;\" aria-level=\"1\"><span style=\"font-weight: 400;\">Informar sobre productes o serveis oferts pel responsable\u00a0<\/span><\/li>\n<li style=\"font-weight: 400;\" aria-level=\"1\"><span style=\"font-weight: 400;\">Revisar perfils p\u00fablics en sup\u00f2sits de cerca d\u2019empleats d\u2019acord amb les necessitats del perfil.\u00a0<\/span><\/li>\n<\/ul>\n<h3>Per quin motiu podem tractar les teves dades personals?<span style=\"font-weight: 400;\">\u00a0<\/span><\/h3>\n<p><b>Base jur\u00eddica del tractament<\/b><span style=\"font-weight: 400;\">: article 6.1.a GDPR, l&#8217;interessat ha donat el seu consentiment per al tractament de les seves dades personals per a un o diversos fins espec\u00edfics. L&#8217;USUARI disposa d&#8217;un perfil a la mateixa xarxa social i ha decidit unir-se a la xarxa social del RESPONSABLE mostrant aix\u00ed inter\u00e8s en la informaci\u00f3 que es publiqui en aquesta; per tant, en el moment de sol\u00b7licitar seguir els nostres perfils oficials, ens facilita el seu consentiment per al tractament d&#8217;aquelles dades personals publicades en el seu perfil.\u00a0<\/span><\/p>\n<p><span style=\"font-weight: 400;\">L&#8217;USUARI pot accedir en tot moment a les pol\u00edtiques de privacitat de la pr\u00f2pia xarxa social, aix\u00ed com configurar el seu perfil per garantir la seva privacitat.\u00a0<\/span><\/p>\n<p><span style=\"font-weight: 400;\">El RESPONSABLE t\u00e9 acc\u00e9s i tracta aquella informaci\u00f3 p\u00fablica de l&#8217;USUARI, especialment, el seu nom de contacte. Aquestes dades nom\u00e9s s\u2019utilitzen dins de la pr\u00f2pia xarxa social i \u00fanicament s\u2019incorporaran a un fitxer del RESPONSABLE quan sigui necessari per tramitar la petici\u00f3 de l&#8217;USUARI.\u00a0<\/span><\/p>\n<h3>Durant quant de temps guardarem les teves dades personals?<span style=\"font-weight: 400;\">\u00a0<\/span><\/h3>\n<p><b>Criteris de conservaci\u00f3 de les dades<\/b><span style=\"font-weight: 400;\">: es conservaran mentre l&#8217;USUARI no revoqui el consentiment prestat tal com s\u2019indica en aquesta pol\u00edtica de privacitat.\u00a0<\/span><\/p>\n<h3>A qui facilitem les teves dades personals?<span style=\"font-weight: 400;\">\u00a0<\/span><\/h3>\n<p><b>Comunicaci\u00f3 de les dades<\/b><span style=\"font-weight: 400;\">: la informaci\u00f3 facilitada per l&#8217;USUARI a trav\u00e9s de les xarxes socials del RESPONSABLE, incloses les seves dades personals, pot ser publicada, sempre en funci\u00f3 dels serveis que l&#8217;USUARI utilitzi, per la qual cosa pot quedar a disposici\u00f3 p\u00fablica d&#8217;altres tercers usuaris de les xarxes socials. Des del perfil de cada xarxa social, l&#8217;USUARI pot configurar quina informaci\u00f3 vol fer p\u00fablica en cada cas, veure els permisos que s&#8217;han concedit, eliminar-los o desactivar-los, com qualsevol aplicaci\u00f3 d&#8217;un tercer que ja no es vulgui utilitzar.\u00a0<\/span><\/p>\n<p><span style=\"font-weight: 400;\">No est\u00e0 prevista cap comunicaci\u00f3 de dades personals a tercers fora de la xarxa social, excepte si fos imprescindible per al desenvolupament i execuci\u00f3 de les finalitats del tractament, als nostres prove\u00efdors de serveis relacionats amb comunicacions, amb els quals el RESPONSABLE ha subscrit els contractes de confidencialitat i d&#8217;encarregat de tractament exigits per la normativa vigent de privacitat.\u00a0<\/span><\/p>\n<h3>Quins s\u00f3n els teus drets?<span style=\"font-weight: 400;\">\u00a0<\/span><\/h3>\n<p><b>Drets que assisteixen l&#8217;USUARI<\/b><span style=\"font-weight: 400;\">: nom\u00e9s es podran satisfer en relaci\u00f3 a aquella informaci\u00f3 que es trobi sota el control del RESPONSABLE.\u00a0<\/span><\/p>\n<ul>\n<li style=\"font-weight: 400;\" aria-level=\"1\"><span style=\"font-weight: 400;\">Dret a retirar el consentiment en qualsevol moment\u00a0<\/span><\/li>\n<li style=\"font-weight: 400;\" aria-level=\"1\"><span style=\"font-weight: 400;\">Dret d&#8217;acc\u00e9s, rectificaci\u00f3, portabilitat i supressi\u00f3 de les seves dades, i de limitaci\u00f3 o oposici\u00f3 al seu tractament\u00a0<\/span><\/li>\n<li style=\"font-weight: 400;\" aria-level=\"1\"><span style=\"font-weight: 400;\">Dret a presentar una reclamaci\u00f3 davant de l&#8217;autoritat de control (www.aepd.es) si considera que el tractament no s&#8217;ajusta a la normativa vigent\u00a0<\/span><\/li>\n<\/ul>\n<h3>Dades de contacte per exercir els teus drets<span style=\"font-weight: 400;\">:\u00a0<\/span><\/h3>\n<p><span style=\"font-weight: 400;\">ITBID TECHNOLOGIES 2002, S.L. AVDA. JOSEP TARRADELLAS, 8, AT. 3 \u2013 08029 Barcelona (agpd@itbid.org) <\/span><\/p>\n<h2>2. UTILITZACI\u00d3 DEL PERFIL<\/h2>\n<p><span style=\"font-weight: 400;\">El RESPONSABLE realitzar\u00e0 les seg\u00fcents actuacions:\u00a0<\/span><\/p>\n<ul>\n<li style=\"font-weight: 400;\" aria-level=\"1\"><span style=\"font-weight: 400;\">Acc\u00e9s a la informaci\u00f3 p\u00fablica del perfil\u00a0<\/span><\/li>\n<li style=\"font-weight: 400;\" aria-level=\"1\"><span style=\"font-weight: 400;\">Publicaci\u00f3 en el perfil de l&#8217;USUARI de tota aquella informaci\u00f3 ja publicada a la xarxa social del RESPONSABLE\u00a0<\/span><\/li>\n<\/ul>\n<ul>\n<li style=\"font-weight: 400;\" aria-level=\"1\"><span style=\"font-weight: 400;\">Enviar missatges personals i individuals a trav\u00e9s dels canals de la xarxa social\u00a0<\/span><\/li>\n<li style=\"font-weight: 400;\" aria-level=\"1\"><span style=\"font-weight: 400;\">Actualitzacions de l&#8217;estat de la p\u00e0gina que es publicaran en el perfil de l&#8217;USUARI\u00a0<\/span><\/li>\n<\/ul>\n<p><span style=\"font-weight: 400;\">L&#8217;USUARI sempre pot controlar les seves connexions, eliminar els continguts que deixin d&#8217;interessar-li i restringir amb qui comparteix les seves connexions; per a aix\u00f2 haur\u00e0 d&#8217;accedir a la seva configuraci\u00f3 de privacitat. <\/span><\/p>\n<h2>3. PUBLICACIONS<\/h2>\n<p><span style=\"font-weight: 400;\">L&#8217;USUARI, un cop sigui seguidor o s&#8217;hagi unit a la xarxa social del RESPONSABLE, podr\u00e0 publicar-hi comentaris, enlla\u00e7os, imatges, fotografies o qualsevol altre tipus de contingut multim\u00e8dia que suporti. L&#8217;USUARI, en tots els casos, ha de ser el titular del contingut publicat, gaudir dels drets d&#8217;autor i de propietat intel\u00b7lectual o comptar amb el consentiment dels tercers afectats.\u00a0<\/span><\/p>\n<p><span style=\"font-weight: 400;\">Es prohibeix expressament qualsevol publicaci\u00f3 a la xarxa social, ja sigui de textos, gr\u00e0fics, fotografies, v\u00eddeos, etc., que atemptin o siguin susceptibles d\u2019atemptar contra la moral, l&#8217;\u00e8tica, el bon gust o el dec\u00f2rum, i\/o que infringeixin, violin o trenquin els drets de propietat intel\u00b7lectual o industrial, el dret a la imatge o la Llei.\u00a0<\/span><\/p>\n<p><span style=\"font-weight: 400;\">En aquests casos, el RESPONSABLE es reserva el dret a retirar immediatament el contingut, sense comunicaci\u00f3 pr\u00e8via, podent sol\u00b7licitar el bloqueig permanent de l&#8217;USUARI.\u00a0<\/span><\/p>\n<p><span style=\"font-weight: 400;\">El RESPONSABLE no ser\u00e0 responsable dels continguts que lliurement hagi publicat un USUARI.\u00a0<\/span><\/p>\n<p><span style=\"font-weight: 400;\">L&#8217;USUARI ha de tenir present que les seves publicacions seran conegudes per altres usuaris, per la qual cosa ell mateix \u00e9s el principal responsable de la seva privacitat.\u00a0<\/span><\/p>\n<p><span style=\"font-weight: 400;\">Les imatges que es puguin publicar a la xarxa social no seran emmagatzemades en cap fitxer per part del RESPONSABLE, per\u00f2 s\u00ed que romandran a la xarxa social. <\/span><\/p>\n<h2>4. DADES DE MENORS D&#8217;EDAT O PERSONES AMB CAPACITATS ESPECIALS<\/h2>\n<p><span style=\"font-weight: 400;\">L&#8217;acc\u00e9s i registre a trav\u00e9s de les xarxes socials del RESPONSABLE est\u00e0 prohibit a menors de 18 anys. Per la seva banda, si l&#8217;USUARI t\u00e9 capacitats especials, ser\u00e0 necess\u00e0ria la intervenci\u00f3 del titular de la seva p\u00e0tria potestat o tutela, o del seu representant legal mitjan\u00e7ant document v\u00e0lid que acrediti la representaci\u00f3.\u00a0<\/span><\/p>\n<p><span style=\"font-weight: 400;\">El RESPONSABLE quedar\u00e0 expressament exonerat de qualsevol responsabilitat que es pugui derivar de l&#8217;\u00fas de les xarxes socials per part de menors o persones amb capacitats especials. Les xarxes socials del RESPONSABLE no recullen conscientment cap informaci\u00f3 personal de menors d\u2019edat; per aix\u00f2, si l&#8217;USUARI \u00e9s menor d&#8217;edat, no ha de registrar-se, ni utilitzar les xarxes socials del RESPONSABLE ni tampoc proporcionar cap informaci\u00f3 personal.<\/span><\/div><\/div><\/div><\/div><\/div><\/div><\/div>\n","protected":false},"excerpt":{"rendered":"","protected":false},"author":9,"featured_media":0,"parent":0,"menu_order":0,"comment_status":"closed","ping_status":"closed","template":"","meta":{"_acf_changed":false,"content-type":"","inline_featured_image":false,"footnotes":""},"class_list":["post-31719","page","type-page","status-publish","hentry"],"acf":[],"_links":{"self":[{"href":"https:\/\/staging.itbid.com\/ca\/wp-json\/wp\/v2\/pages\/31719","targetHints":{"allow":["GET"]}}],"collection":[{"href":"https:\/\/staging.itbid.com\/ca\/wp-json\/wp\/v2\/pages"}],"about":[{"href":"https:\/\/staging.itbid.com\/ca\/wp-json\/wp\/v2\/types\/page"}],"author":[{"embeddable":true,"href":"https:\/\/staging.itbid.com\/ca\/wp-json\/wp\/v2\/users\/9"}],"replies":[{"embeddable":true,"href":"https:\/\/staging.itbid.com\/ca\/wp-json\/wp\/v2\/comments?post=31719"}],"version-history":[{"count":1,"href":"https:\/\/staging.itbid.com\/ca\/wp-json\/wp\/v2\/pages\/31719\/revisions"}],"predecessor-version":[{"id":31720,"href":"https:\/\/staging.itbid.com\/ca\/wp-json\/wp\/v2\/pages\/31719\/revisions\/31720"}],"wp:attachment":[{"href":"https:\/\/staging.itbid.com\/ca\/wp-json\/wp\/v2\/media?parent=31719"}],"curies":[{"name":"wp","href":"https:\/\/api.w.org\/{rel}","templated":true}]}}