{"id":31717,"date":"2024-10-29T17:17:04","date_gmt":"2024-10-29T17:17:04","guid":{"rendered":"http:\/\/itbid.com\/?page_id=31717"},"modified":"2024-11-12T09:16:07","modified_gmt":"2024-11-12T09:16:07","slug":"avis-legal","status":"publish","type":"page","link":"https:\/\/staging.itbid.com\/ca\/avis-legal\/","title":{"rendered":"Avis legal"},"content":{"rendered":"<h2>LLEI DELS SERVEIS DE LA SOCIETAT DE LA INFORMACI\u00d3 (LSSI)<span style=\"font-weight: 400;\">\u00a0<\/span><\/h2>\n<p><span style=\"font-weight: 400;\">ITBID TECHNOLOGIES 2002, S.L., responsable del lloc web, en endavant RESPONSABLE, posa a disposici\u00f3 dels usuaris el present document, amb el qual pret\u00e9n donar compliment a les obligacions d&#8217;informaci\u00f3 disposades a l&#8217;art. 10 i ss. de la Llei 34\/2002, d&#8217;11 de juliol, de Serveis de la Societat de la Informaci\u00f3 i de Comer\u00e7 Electr\u00f2nic (LSSICE), BOE N.\u00ba 166, aix\u00ed com informar a tots els usuaris del lloc web respecte a quines s\u00f3n les condicions d&#8217;\u00fas.\u00a0<\/span><\/p>\n<p><span style=\"font-weight: 400;\">Tota persona que accedeixi a aquest lloc web assumeix el paper d&#8217;usuari, comprometent-se a l&#8217;observan\u00e7a i compliment rigor\u00f3s de les disposicions aqu\u00ed disposades, aix\u00ed com de qualsevol altra disposici\u00f3 legal que fos d&#8217;aplicaci\u00f3.\u00a0<\/span><\/p>\n<p><span style=\"font-weight: 400;\">ITBID TECHNOLOGIES 2002, S.L. es reserva el dret de modificar qualsevol tipus d&#8217;informaci\u00f3 que pugui apar\u00e8ixer al lloc web, sense que existeixi obligaci\u00f3 de preavisar o posar en coneixement dels usuaris aquestes obligacions, entenent-se com a suficient la publicaci\u00f3 al lloc web d&#8217;ITBID TECHNOLOGIES 2002, S.L.\u00a0<\/span><\/p>\n<h2>DEFINICIONS:<span style=\"font-weight: 400;\">\u00a0<\/span><\/h2>\n<p><span style=\"font-weight: 400;\">\u201c<\/span><b>Serveis de la societat de la informaci\u00f3<\/b><span style=\"font-weight: 400;\">\u201d, que inclou, a m\u00e9s de la contractaci\u00f3 de b\u00e9ns i serveis per via electr\u00f2nica, el subministrament d&#8217;informaci\u00f3 per aquest mitj\u00e0 (com el que fan els diaris o revistes que es poden trobar a la xarxa), les activitats d&#8217;intermediaci\u00f3 relatives a la provisi\u00f3 d&#8217;acc\u00e9s a la xarxa, la transmissi\u00f3 de dades per xarxes de telecomunicacions, la realitzaci\u00f3 de c\u00f2pia temporal de les p\u00e0gines d&#8217;Internet sol\u00b7licitades pels usuaris, l&#8217;allotjament als propis servidors d&#8217;informaci\u00f3, serveis o aplicacions facilitats per altres o la provisi\u00f3 d&#8217;instruments de cerca o d&#8217;enlla\u00e7os a altres llocs d&#8217;Internet, aix\u00ed com qualsevol altre servei que es presti a petici\u00f3 individual dels usuaris (desc\u00e0rrega d&#8217;arxius de v\u00eddeo o \u00e0udio\u2026), sempre que representi una activitat econ\u00f2mica per al prestador.\u00a0<\/span><\/p>\n<p><span style=\"font-weight: 400;\">\u201c<\/span><b>Establiment<\/b><span style=\"font-weight: 400;\">\u201d s&#8217;ent\u00e9n el lloc des d&#8217;on es dirigeix i gestiona una activitat econ\u00f2mica, definici\u00f3 aquesta que s&#8217;inspira en el concepte de domicili fiscal recollit a les normes tribut\u00e0ries espanyoles i que resulta compatible amb la noci\u00f3 material d&#8217;establiment predicada pel Dret comunitari. <\/span><\/p>\n<h2>1. DADES IDENTIFICATIVES<\/h2>\n<p><span style=\"font-weight: 400;\">Nom de domini: <\/span><a href=\"http:\/\/staging.itbid.com\/\"><span style=\"font-weight: 400;\">itbid.com<\/span><\/a><span style=\"font-weight: 400;\">\u00a0<\/span><\/p>\n<p><span style=\"font-weight: 400;\">Nom comercial: itbid \u2013 Innovating Procurement\u00a0<\/span><\/p>\n<p><span style=\"font-weight: 400;\">Denominaci\u00f3 social: ITBID TECHNOLOGIES 2002, S.L.\u00a0<\/span><\/p>\n<p><span style=\"font-weight: 400;\">NIF: B65531261\u00a0<\/span><\/p>\n<p><span style=\"font-weight: 400;\">Domicili social: AVDA. JOSEP TARRADELLAS, 8 AT. 3, 08029 Barcelona (BARCELONA)\u00a0<\/span><\/p>\n<p><span style=\"font-weight: 400;\">Tel\u00e8fon: (+34) 933 218 614\u00a0<\/span><\/p>\n<p><span style=\"font-weight: 400;\">Correu electr\u00f2nic: info@itbid.com<\/span><\/p>\n<p><span style=\"font-weight: 400;\">Registre Mercantil de Barcelona. Fulla B \u2013 409666, Tom 42555, Foli 7, Inscripci\u00f3 1a.\u00a0<\/span><\/p>\n<h2>2. DRETS DE PROPIETAT INTEL\u00b7LECTUAL I INDUSTRIAL<\/h2>\n<p><span style=\"font-weight: 400;\">El lloc web, incloent a t\u00edtol enunciatiu, per\u00f2 no limitatiu la seva programaci\u00f3, edici\u00f3, compilaci\u00f3 i altres elements necessaris per al seu funcionament, els dissenys, logotips, text i\/o gr\u00e0fics, s\u00f3n propietat del RESPONSABLE o, si \u00e9s el cas, disposa de llic\u00e8ncia o autoritzaci\u00f3 expressa per part dels autors. Tots els continguts del lloc web es troben degudament protegits per la normativa de propietat intel\u00b7lectual i industrial, aix\u00ed com inscrits en els registres p\u00fablics corresponents.\u00a0<\/span><\/p>\n<p><span style=\"font-weight: 400;\">Independentment de la finalitat per a la qual fossin destinats, la reproducci\u00f3 total o parcial, \u00fas, explotaci\u00f3, distribuci\u00f3 i comercialitzaci\u00f3, requereix en tot cas l&#8217;autoritzaci\u00f3 escrita pr\u00e8via per part del RESPONSABLE. Qualsevol \u00fas no autoritzat pr\u00e8viament es considera un incompliment greu dels drets de propietat intel\u00b7lectual o industrial de l&#8217;autor.\u00a0<\/span><\/p>\n<p><span style=\"font-weight: 400;\">Els dissenys, logotips, text i\/o gr\u00e0fics aliens al RESPONSABLE i que poguessin apar\u00e8ixer al lloc web, pertanyen als seus respectius propietaris, sent ells mateixos responsables de qualsevol possible controv\u00e8rsia que pogu\u00e9s sorgir respecte als mateixos. El RESPONSABLE autoritza expressament que tercers puguin redirigir directament als continguts concrets del lloc web, i en tot cas redirigir al lloc web principal de <\/span><a href=\"http:\/\/staging.itbid.com\/\"><span style=\"font-weight: 400;\">itbid.com<\/span><\/a><span style=\"font-weight: 400;\">.<\/span><\/p>\n<p><span style=\"font-weight: 400;\">El RESPONSABLE reconeix a favor dels seus titulars els corresponents drets de propietat intel\u00b7lectual i industrial, no implicant la seva mera menci\u00f3 o aparici\u00f3 al lloc web l&#8217;exist\u00e8ncia de drets o responsabilitat alguna sobre els mateixos, ni suport, patrocini o recomanaci\u00f3 per part del mateix.\u00a0<\/span><\/p>\n<p><span style=\"font-weight: 400;\">Per realitzar qualsevol tipus d&#8217;observaci\u00f3 respecte a possibles incompliments dels drets de propietat intel\u00b7lectual o industrial, aix\u00ed com sobre qualsevol dels continguts del lloc web, pot fer-ho a trav\u00e9s del correu electr\u00f2nic info@itbid.com,\u00a0<\/span><\/p>\n<h2>3. EXEMPCI\u00d3 DE RESPONSABILITATS<\/h2>\n<p><span style=\"font-weight: 400;\">El RESPONSABLE s&#8217;eximeix de qualsevol tipus de responsabilitat derivada de la informaci\u00f3 publicada al seu lloc web sempre que no tingui coneixement efectiu que aquesta informaci\u00f3 hagi estat manipulada o introdu\u00efda per un tercer ali\u00e8 al mateix o, si el t\u00e9, hagi actuat amb dilig\u00e8ncia per retirar les dades o fer impossible l&#8217;acc\u00e9s a aquestes.\u00a0<\/span><\/p>\n<h3>\u00das de Cookies<\/h3>\n<p><span style=\"font-weight: 400;\">Aquest lloc web pot utilitzar cookies t\u00e8cniques (petits arxius d&#8217;informaci\u00f3 que el servidor envia a l&#8217;ordinador de qui accedeix a la p\u00e0gina) per a dur a terme determinades funcions que s\u00f3n considerades imprescindibles per al correcte funcionament i visualitzaci\u00f3 del lloc. Les cookies utilitzades tenen, en tot cas, car\u00e0cter temporal, amb l&#8217;\u00fanica finalitat de fer m\u00e9s eficient la navegaci\u00f3, i desapareixen en acabar la sessi\u00f3 de l&#8217;usuari. En cap cas, aquestes cookies proporcionen per si mateixes dades de car\u00e0cter personal i no s&#8217;utilitzaran per a la recollida dels mateixos.\u00a0<\/span><\/p>\n<p><span style=\"font-weight: 400;\">Mitjan\u00e7ant l&#8217;\u00fas de cookies tamb\u00e9 \u00e9s possible que el servidor on es troba la web reconegui el navegador utilitzat per l&#8217;usuari amb la finalitat que la navegaci\u00f3 sigui m\u00e9s senzilla, permetent, per exemple, l&#8217;acc\u00e9s dels usuaris que s&#8217;hagin registrat pr\u00e8viament a les \u00e0rees, serveis, promocions o concursos reservats exclusivament a ells sense haver de registrar-se a cada visita. Tamb\u00e9 es poden utilitzar per mesurar l&#8217;audi\u00e8ncia, par\u00e0metres de tr\u00e0nsit, controlar el progr\u00e9s i nombre d&#8217;entrades, etc., sent en aquests casos cookies prescindibles t\u00e8cnicament, per\u00f2 beneficioses per a l&#8217;usuari. Aquest lloc web no instal\u00b7lar\u00e0 <\/span><i><span style=\"font-weight: 400;\">cookies<\/span><\/i><span style=\"font-weight: 400;\"> prescindibles sense el consentiment previ de l&#8217;usuari.\u00a0<\/span><\/p>\n<p><span style=\"font-weight: 400;\">Aquest lloc web utilitza cookies pr\u00f2pies i de tercers per a fins anal\u00edtics i per mostrar-li publicitat personalitzada en base a un perfil elaborat a partir dels seus h\u00e0bits de navegaci\u00f3 (per exemple, p\u00e0gines visitades). A tot usuari que visiti la web se li informa de l&#8217;\u00fas d&#8217;aquestes cookies mitjan\u00e7ant un banner flotant. En el cas d&#8217;acceptar el seu \u00fas, el banner desapareixer\u00e0, encara que en tot moment podr\u00e0 revocar el consentiment i obtenir m\u00e9s informaci\u00f3 consultant la nostra Pol\u00edtica de cookies.\u00a0<\/span><\/p>\n<p><span style=\"font-weight: 400;\">L&#8217;usuari t\u00e9 la possibilitat de configurar el seu navegador per ser alertat de la recepci\u00f3 de cookies i per impedir la seva instal\u00b7laci\u00f3 en el seu equip. Si us plau, consulti les instruccions del seu navegador per ampliar aquesta informaci\u00f3.\u00a0<\/span><\/p>\n<h3>Pol\u00edtica d&#8217;enlla\u00e7os<\/h3>\n<p><span style=\"font-weight: 400;\">Des del lloc web, \u00e9s possible que es redirigeixi a continguts de tercers llocs web. At\u00e8s que el RESPONSABLE no pot controlar sempre els continguts introdu\u00efts per tercers als seus respectius llocs web, no assumeix cap tipus de responsabilitat respecte a aquests continguts. En tot cas, procedir\u00e0 a la retirada immediata de qualsevol contingut que pugui contravenir la legislaci\u00f3 nacional o internacional, la moral o l&#8217;ordre p\u00fablic, procedint a la retirada immediata de la redirecci\u00f3 a aquest lloc web, posant en coneixement de les autoritats competents el contingut en q\u00fcesti\u00f3.<\/span><\/p>\n<p><span style=\"font-weight: 400;\">El RESPONSABLE no es fa responsable de la informaci\u00f3 i continguts emmagatzemats, a t\u00edtol enunciatiu per\u00f2 no limitatiu, en f\u00f2rums, xats, generadors de blogs, comentaris, xarxes socials o qualsevol altre mitj\u00e0 que permeti a tercers publicar continguts de forma independent a la p\u00e0gina web del RESPONSABLE. No obstant aix\u00f2, i en compliment del que disposen els articles 11 i 16 de la LSSICE, es posa a disposici\u00f3 de tots els usuaris, autoritats i forces de seguretat, col\u00b7laborant de manera activa en la retirada o, en el seu cas, bloqueig de tots aquells continguts que puguin afectar o contravenir la legislaci\u00f3 nacional o internacional, els drets de tercers o la moral i l&#8217;ordre p\u00fablic. En cas que l&#8217;usuari consideri que existeix al lloc web algun contingut que pugui ser susceptible d&#8217;aquesta classificaci\u00f3, es prega ho notifiqui de manera immediata a l&#8217;administrador del lloc web.<\/span><\/p>\n<p><span style=\"font-weight: 400;\">Aquest lloc web s&#8217;ha revisat i provat per tal que funcioni correctament. En principi, es pot garantir el correcte funcionament els 365 dies de l&#8217;any, 24 hores al dia. No obstant aix\u00f2, el RESPONSABLE no descarta la possibilitat que existeixin certs errors de programaci\u00f3, o que esdevinguin causes de for\u00e7a major, cat\u00e0strofes naturals, vagues o circumst\u00e0ncies semblants que facin impossible l&#8217;acc\u00e9s a la p\u00e0gina web.<\/span><\/p>\n<h3>Adreces IP<\/h3>\n<p><span style=\"font-weight: 400;\">Els servidors del lloc web podran detectar de manera autom\u00e0tica l&#8217;adre\u00e7a IP i el nom de domini utilitzats per l&#8217;usuari. Una adre\u00e7a IP \u00e9s un n\u00famero assignat autom\u00e0ticament a un ordinador quan aquest es connecta a Internet. Tota aquesta informaci\u00f3 es registra en un fitxer d&#8217;activitat del servidor degudament inscrit que permet el posterior processament de les dades amb la finalitat d&#8217;obtenir mesuraments \u00fanicament estad\u00edstics que permetin con\u00e8ixer el nombre d&#8217;impressions de p\u00e0gines, el nombre de visites realitzades als servidors web, l&#8217;ordre de visites, el punt d&#8217;acc\u00e9s, etc.<\/span><\/p>\n<h2>4. LLEI APLICABLE I JURISDICCI\u00d3<\/h2>\n<p><span style=\"font-weight: 400;\">Per a la resoluci\u00f3 de totes les controv\u00e8rsies o q\u00fcestions relacionades amb el present lloc web o de les activitats en ell desenvolupades, ser\u00e0 d&#8217;aplicaci\u00f3 la legislaci\u00f3 espanyola, a la qual se sotmeten expressament les parts, essent competents per a la resoluci\u00f3 de tots els conflictes derivats o relacionats amb el seu \u00fas la jurisdicci\u00f3 i compet\u00e8ncia dels Jutjats i Tribunals de Barcelona.<\/span><\/p>\n","protected":false},"excerpt":{"rendered":"<p>LLEI DELS SERVEIS DE LA SOCIETAT DE LA INFORMACI\u00d3 (LSSI)\u00a0 [&hellip;]<\/p>\n","protected":false},"author":9,"featured_media":0,"parent":0,"menu_order":0,"comment_status":"closed","ping_status":"closed","template":"","meta":{"_acf_changed":false,"content-type":"","inline_featured_image":false,"footnotes":""},"class_list":["post-31717","page","type-page","status-publish","hentry"],"acf":[],"_links":{"self":[{"href":"https:\/\/staging.itbid.com\/ca\/wp-json\/wp\/v2\/pages\/31717","targetHints":{"allow":["GET"]}}],"collection":[{"href":"https:\/\/staging.itbid.com\/ca\/wp-json\/wp\/v2\/pages"}],"about":[{"href":"https:\/\/staging.itbid.com\/ca\/wp-json\/wp\/v2\/types\/page"}],"author":[{"embeddable":true,"href":"https:\/\/staging.itbid.com\/ca\/wp-json\/wp\/v2\/users\/9"}],"replies":[{"embeddable":true,"href":"https:\/\/staging.itbid.com\/ca\/wp-json\/wp\/v2\/comments?post=31717"}],"version-history":[{"count":1,"href":"https:\/\/staging.itbid.com\/ca\/wp-json\/wp\/v2\/pages\/31717\/revisions"}],"predecessor-version":[{"id":31718,"href":"https:\/\/staging.itbid.com\/ca\/wp-json\/wp\/v2\/pages\/31717\/revisions\/31718"}],"wp:attachment":[{"href":"https:\/\/staging.itbid.com\/ca\/wp-json\/wp\/v2\/media?parent=31717"}],"curies":[{"name":"wp","href":"https:\/\/api.w.org\/{rel}","templated":true}]}}